{"id":26,"date":"2021-01-21T15:57:51","date_gmt":"2021-01-21T15:57:51","guid":{"rendered":"http:\/\/javiersanchezmedina.ulpgc.es\/?page_id=26"},"modified":"2021-02-15T16:49:40","modified_gmt":"2021-02-15T16:49:40","slug":"professor","status":"publish","type":"page","link":"https:\/\/javiersanchezmedina.ulpgc.es\/?page_id=26","title":{"rendered":"Professor"},"content":{"rendered":"<p><!-- Global site tag (gtag.js) - Google Analytics --><br>\n<script async=\"\" src=\"https:\/\/www.googletagmanager.com\/gtag\/js?id=G-Y8W1VDHEY6\"><\/script><br>\n<script><br \/>\n  window.dataLayer = window.dataLayer || [];<br \/>\n  function gtag(){dataLayer.push(arguments);}<br \/>\n  gtag('js', new Date());<\/p>\n<p>  gtag('config', 'G-Y8W1VDHEY6');<br \/>\n<\/script><\/p>\n\n\n<figure class=\"wp-block-audio\"><audio controls src=\"https:\/\/javiersanchezmedina.ulpgc.es\/wp-content\/uploads\/2021\/02\/J.S.-Bach-Cello-Suite-No-1-Prelude_recortado.mp3\"><\/audio><figcaption>J.S. Bach &#8211; Cello Suite No. 1: Prelude<br>Estelle Revaz, cello<\/figcaption><\/figure>\n\n\n\n<!-- Global site tag (gtag.js) - Google Analytics -->\n<script async src=\"https:\/\/www.googletagmanager.com\/gtag\/js?id=G-Y8W1VDHEY6\"><\/script>\n<script>\n  window.dataLayer = window.dataLayer || [];\n  function gtag(){dataLayer.push(arguments);}\n  gtag('js', new Date());\n\n  gtag('config', 'G-Y8W1VDHEY6');\n<\/script>\n\n\n\n<h2>Ph.D. Thesis advised so far<\/h2>\n\n\n\n<ul><li>Candidate: Mar\u00eda Cecilia Meiler Rodr\u00edguez. Title: Propuesta metodol\u00f3gica de envejecimiento activo basada en aprendizaje en red: Comunidad seventi. Reading date: 03\/12\/2014. Advisors: Enrique Rubio Royo and Javier Jes\u00fas S\u00e1nchez Medina<\/li><li>Candidate: Juan Antonio Jim\u00e9nez Rodr\u00edguez. Title: Modelo de dinamizaci\u00f3n de transferencia de I+D+i: Aplicaciones. Reading date: 05\/02\/2016. Advisors: Enrique Rubio Royo and Javier Jes\u00fas S\u00e1nchez Medina<\/li><li>Candidate: Juan Rafael Rodr\u00edguez Vega. Title: Estrategia PBL para proyectos innovadores en tiempo complejos: Aplicaciones en proyectos docentes, empresariales, sociales and medioambientales. Reading date: 06\/02\/2016. Advisors: Enrique Rubio Royo and Javier Jes\u00fas S\u00e1nchez Medina<\/li><\/ul>\n\n\n\n<h2>Ph.D. Thesis advising currently<\/h2>\n\n\n\n<ul><li>Candidate: Juan Antonio Guerra Montenegro. Title: Modelado predictivo en flujo de datos de procesos con deriva de concepto y su aplicaci\u00f3n al turismo en Canarias. Accepted on: 01\/12\/2017. Advisors: Javier Jes\u00fas S\u00e1nchez Medina y David de la Cruz S\u00e1nchez Rodr\u00edguez<\/li><li>Candidate: Fancisco Luis L\u00f3pez Santamar\u00eda. Title: Pendiente de elegir. Accepted on: 12\/12\/2017. Advisors: Javier Jes\u00fas S\u00e1nchez Medina<\/li><li>Candidate: Greta Guerra Molina. Title: Desarrollo del perfil e-profesor en el contexto del modelo Suricata: Adecuaci\u00f3n de la formaci\u00f3n en los entornos de red de las instituciones de educaci\u00f3n superior en Panam\u00e1. Accepted on: 21\/11\/2018. Advisors: Javier Jes\u00fas S\u00e1nchez Medina<\/li><\/ul>\n\n\n\n<h2>Degree and Masters thesis advised so far<\/h2>\n\n\n\n<ul>null<li>Level: Degree. Title: Aplicaci\u00f3n para la estimaci\u00f3n autom\u00e1tica de carga en playas, mediante visi\u00f3n por computador e inteligencia artificial. Candidate: S\u00e1nchez Villar, Javier. Advisors: Javier Jes\u00fas S\u00e1nchez Medina and Carolina Priscila Pe\u00f1a Alonso. Reading date: 22\/09\/2020<\/li><li>Level: Degree. Title: An\u00e1lisis de sentimiento en Redes Sociales a tiempo real sobre arquitectura de Big Data. Candidate: Lin Yang, Zixiong. Advisors: Javier Jes\u00fas S\u00e1nchez Medina and Carolina Priscila Pe\u00f1a Alonso. Reading date: 17\/07\/2020<\/li><li>Level: Degree. Title: An\u00e1lisis de Sentimientos en redes Sociales sobre Arquitectura de Big Data Basada en Hadoop and Spark. Candidate: Mesa P\u00e9rez, Adri\u00e1n. Advisors: Javier Jes\u00fas S\u00e1nchez Medina and Carmen Paz Su\u00e1rez Araujo. Reading date: 13\/07\/2020<\/li><li>Level: Masters. Title: Aplicaci\u00f3n para Movilidad Compartida en la ULPGC. Candidate: Roger Hern\u00e1ndez, Moneyba. Advisors: Javier Jes\u00fas S\u00e1nchez Medina and Jos\u00e9 Alberto Herrera Meli\u00e1n. Reading date: 24\/10\/2019<\/li><li>Level: Degree. Title: Asignaci\u00f3n autom\u00e1tica de habitaciones de alojamientos hoteleros mediante algoritmos bioinspirados. Candidate: Azdad Triki, Faissal. Advisors: Javier Jes\u00fas S\u00e1nchez Medina and Agust\u00edn Jes\u00fas S\u00e1nchez Medina. Reading date: 05\/09\/2019<\/li><li>Level: Degree. Title: Learning Analytics con Hadoop\/Spark sobre el Dataset OULAD. Candidate: Ram\u00edrez Gil, David. Advisors: Javier Jes\u00fas S\u00e1nchez Medina. Reading date: 26\/07\/2019<\/li><li>Level: Degree. Title: An\u00e1lisis del sentimiento de la playa de Las Canteras, a trav\u00e9s de redes sociales. Candidate: Quesada Su\u00e1rez, Alejandro. Advisors: Javier Jes\u00fas S\u00e1nchez Medina and Agust\u00edn Jes\u00fas S\u00e1nchez Medina. Reading date: 26\/07\/2019<\/li><li>Level: Degree. Title: Segmentaci\u00f3n de clientes para geolocalizaci\u00f3n en un Centro Comercial de LPGC. Candidate: Rodr\u00edguez Rodr\u00edguez, Ana Cristina. Advisors: Javier Jes\u00fas S\u00e1nchez Medina and Agust\u00edn Jes\u00fas S\u00e1nchez Medina. Reading date: 25\/07\/2019<\/li><li>Level: Degree. Title: Visualizaci\u00f3n de eventos de tr\u00e1fico en Londres en tiempo real utilizando Cl\u00faster Hadoop and Spark Streaming. Candidate: Betancor Olivares, Juan Ram\u00f3n. Advisors: Javier Jes\u00fas S\u00e1nchez Medina. Reading date: 20\/06\/2019<\/li><li>Level: Degree. Title: Dise\u00f1o e implementaci\u00f3n de Cl\u00faster Spark, and an\u00e1lisis de datos de tr\u00e1fico mediante el uso de la Librer\u00eda MLib. Candidate: Cruz Mart\u00edn, F\u00e9lix Alejandro. Advisors: Javier Jes\u00fas S\u00e1nchez Medina and Antonio Andr\u00e9s Oc\u00f3n Carreras. Reading date: 20\/06\/2019<\/li><li>Level: Degree. Title: El crecimiento de las tecnolog\u00edas de la informaci\u00f3n and la comunicaci\u00f3n en Espa\u00f1a: Pasado, presente and futuro cercano. Candidate: Trujillo Quintana, Iuri. Advisors: Javier Jes\u00fas S\u00e1nchez Medina. Reading date: 18\/06\/2019<\/li><li>Level: Masters. Title: Estudio de viabilidad energ\u00e9tica de servicio de venta ambulante sostenible de pescado fresco. Candidate: Gonz\u00e1lez Abraham, Luz Mar\u00eda. Advisors: Javier Jes\u00fas S\u00e1nchez Medina. Reading date: 20\/05\/2019<\/li><li>Level: Degree. Title: Dise\u00f1o e Implementaci\u00f3n de Cl\u00faster Spark, and an\u00e1lisis de datos de tr\u00e1fico mediante el uso de la librer\u00eda Spark SQL. Candidate: L\u00f3pez Santos, Alejandro. Advisors: Javier Jes\u00fas S\u00e1nchez Medina and Antonio Andr\u00e9s Oc\u00f3n Carreras. Reading date: 14\/01\/2019<\/li><li>Level: Degree. Title: Dise\u00f1o e Implementaci\u00f3n de Cl\u00faster Spark, and an\u00e1lisis de datos de tr\u00e1fico mediante el uso de la librer\u00eda GraphX. Candidate: Gubern Gonz\u00e1lez, Santiago Miguel. Advisors: Javier Jes\u00fas S\u00e1nchez Medina and Antonio Andr\u00e9s Oc\u00f3n Carreras. Reading date: 14\/01\/2019<\/li><li>Level: Masters. Title: Mineria de datos para el desarrollo and estudio comparativo de modelos predictivos de la ocupacion, volumen and velocidad medias trafico rodado en Estambul. Candidate: L\u00f3pez Dolz, Pablo. Advisors: M\u00e1ximo M\u00e9ndez Babey and Javier Jes\u00fas S\u00e1nchez Medina. Reading date: 26\/01\/2018<\/li><li>Level: Degree. Title: Data Stream Mining para el modelado and predicci\u00f3n de tr\u00e1fico en Nueva York. Candidate: Armas Mart\u00edn, Pablo. Advisors: Javier Jes\u00fas S\u00e1nchez Medina. Reading date: 26\/07\/2017<\/li><li>Level: Degree. Title: Modelado del movimiento natural de las personas en un entorno industrial. Candidate: Herrera Mu\u00f1oz, Ana Mar\u00eda. Advisors: Javier Jes\u00fas S\u00e1nchez Medina. Reading date: 26\/07\/2017<\/li><li>Level: Masters. Title: Dise\u00f1o e implementaci\u00f3n de una Aplicaci\u00f3n multiplataforma de comunicaci\u00f3n en tiempo real mediante APls, Frameworks and Tecnolog\u00edas Web de \u00faltima generaci\u00f3n. Candidate: Guerra Montenegro, Juan Antonio. Advisors: Javier Jes\u00fas S\u00e1nchez Medina. Reading date: 21\/07\/2017<\/li><li>Level: Degree. Title: Estimaci\u00f3n del estado del flujo de tr\u00e1fico mediante preprocesado and miner\u00eda de datos. Aplicaci\u00f3n a Dataset de posiciones GPS de taxis de Porto. Candidate: Saavedra Hern\u00e1ndez, Aitor Del Pino. Advisors: Javier Jes\u00fas S\u00e1nchez Medina. Reading date: 29\/07\/2016<\/li><li>Level: Masters. Title: Aplicacion JAVA de visualizaci\u00f3n multicapa de simulaciones de redes de trafico con el simulador de movilidad urbana SUMO. Candidate: Marrero Marrero, Iraldo. Advisors: Javier Jes\u00fas S\u00e1nchez Medina. Reading date: 17\/03\/2016<\/li><li>Level: Degree. Title: Desarrollo de una aplicaci\u00f3n web para la gesti\u00f3n de un Rent a Car. Candidate: Feliciano Alonso, Patricia. Advisors: Javier Jes\u00fas S\u00e1nchez Medina. Reading date: 28\/07\/2015<\/li><li>Level: Degree. Title: Plataforma modular para la gesti\u00f3n de ponencias de congresos internacionales. Candidate: Santana Reyes, Gabriel Urso. Advisors: Javier Jes\u00fas S\u00e1nchez Medina and Enrique Rubio Royo. Reading date: 18\/12\/2013<\/li><li>Level: PCF. Title: Estudio and an\u00e1lisis de fidelidad de modelo de simulaci\u00f3n de trafico urbano caracterizando perfiles de conducci\u00f3n en Las Palmas de Gran Canaria. Candidate: Medina Mach\u00edn, Elisa. Advisors: Javier Jes\u00fas S\u00e1nchez Medina and Manuel Jes\u00fas Gal\u00e1n Moreno. Reading date: 07\/06\/2012<\/li><li>Level: Masters. Title: Control adaptativo longitudinal para simulaci\u00f3n a escala de veh\u00edculo el\u00e9ctrico. Candidate: Pe\u00f1ate Vera, Santiago. Advisors: Javier Jes\u00fas S\u00e1nchez Medina and Enrique Rubio Royo. Reading date: 16\/12\/2011<\/li><li>Level: Masters. Title: Dise\u00f1o hardware\/software para el control and monitorizaci\u00f3n remota de un veh\u00edculo el\u00e9ctrico inteligente a escala. Candidate: Talavera Hierro, Aday Esteban. Advisors: Javier Jes\u00fas S\u00e1nchez Medina and Enrique Rubio Royo. Reading date: 10\/12\/2010<\/li><li>Level: Masters. Title: Dise\u00f1o de plataforma de bajo coste para la simulaci\u00f3n a escala de veh\u00edculos el\u00e9ctricos inteligentes. Candidate: D\u00edaz Cabrera, Mois\u00e9s. Advisors: Javier Jes\u00fas S\u00e1nchez Medina and Enrique Rubio Royo. Reading date: 22\/11\/2010<\/li><li>Level: Masters. Title: Estudio and caracterizaci\u00f3n de patrones de conducci\u00f3n en Las Palmas de Gran Canaria. Candidate: P\u00e9rez Armas, Idaira. Advisors: Javier Jes\u00fas S\u00e1nchez Medina and Manuel Jes\u00fas Gal\u00e1n Moreno. Reading date: 13\/05\/2010<\/li><\/ul>\n\n\n\n<h2>Degree and Doctorate level subjects taught so far<\/h2>\n\n\n\n<p>2004\/05<\/p>\n\n\n\n<ul><li>\u00abTecnolog\u00eda de la Informaci\u00f3n\u00bb e \u00abIngenier\u00eda de la Informaci\u00f3n\u00bb at the degree \u00abIng. Industrial\u00bb (ETSII \u2013 ULPGC). 6 cr\u00e9ditos.<\/li><\/ul>\n\n\n\n<p>2005\/06<\/p>\n\n\n\n<ul><li>\u00abTecnolog\u00eda de la Informaci\u00f3n\u00bb e \u00abIngenier\u00eda de la Informaci\u00f3n\u00bb at the degree \u00abIng. Industrial\u00bb (ETSII \u2013 ULPGC). 6 cr\u00e9ditos.<\/li><\/ul>\n\n\n\n<p>2006\/07<\/p>\n\n\n\n<ul><li>\u00abTecnolog\u00eda de la Informaci\u00f3n\u00bb e \u00abIngenier\u00eda de la Informaci\u00f3n\u00bb at the degree \u00abIng. Industrial\u00bb (ETSII \u2013 ULPGC). 9 cr\u00e9ditos.<\/li><li>\u00abComplementos de Matem\u00e1ticas\u00bb y \u00abMatem\u00e1ticas y Arquitectura en Internet\u00bb at the degree \u00abArquitectura\u00bb (ETSA \u2013 ULPGC). 2 cr\u00e9ditos.<\/li><\/ul>\n\n\n\n<p>2007\/08<br>\n\u00abFundamentos de la Inform\u00e1tica\u00bb at the degree \u00abIng. Industrial\u00bb (ETSII \u2013 ULPGC). 5 cr\u00e9ditos. <\/p>\n\n\n\n<ul><li>\u00abIngenier\u00eda de la Informaci\u00f3n\u00bb at the degree \u00abIng. Industrial\u00bb (ETSII \u2013 ULPGC). 1 cr\u00e9dito.<\/li><li>\u00abTecnolog\u00edas de la Informaci\u00f3n\u00bb at the degree \u00abIng. Industrial\u00bb  (ETSII \u2013 ULPGC). 6 cr\u00e9ditos.<\/li><\/ul>\n\n\n\n<p>2008\/09<\/p>\n\n\n\n<ul><li>\u00abGesti\u00f3n de Sistemas Inform\u00e1ticos\u00bb at the degree \u00abIng. Inform\u00e1tica\u00bb (EII \u2013 ULPGC). 2 cr\u00e9ditos.<\/li><li>\u00abFundamentos de la Inform\u00e1tica\u00bb at the degree \u00abIng. Industrial\u00bb  (ETSII \u2013 ULPGC). 8 cr\u00e9ditos.<\/li><li>\u00abIngenier\u00eda de la Informaci\u00f3n\u00bb at the degree \u00abIng. Industrial\u00bb  (ETSII \u2013 ULPGC). 1 cr\u00e9dito.<\/li><li>\u00abTecnolog\u00edas de la Informaci\u00f3n\u00bb at the degree \u00abIng. Industrial\u00bb (ETSII \u2013 ULPGC). 3,5 cr\u00e9ditos.<\/li><\/ul>\n\n\n\n<p>2009\/10<\/p>\n\n\n\n<ul><li>\u00abGesti\u00f3n de Sistemas Inform\u00e1ticos\u00bb at the degree \u00abIng. Inform\u00e1tica\u00bb (EII \u2013 ULPGC). 2 cr\u00e9ditos. <\/li><li>\u00abFundamentos de la Inform\u00e1tica\u00bb at the degree \u00abIng. Industrial\u00bb (ETSII \u2013 ULPGC). 8 cr\u00e9ditos.<\/li><li>\u00abIngenier\u00eda de la Informaci\u00f3n\u00bb at the degree \u00abIng. Industrial\u00bb (ETSII \u2013 ULPGC). 1 cr\u00e9dito. <\/li><li>\u00abTecnolog\u00edas de la Informaci\u00f3n\u00bb at the degree \u00abIng. Industrial\u00bb (ETSII \u2013 ULPGC). 3,5 cr\u00e9ditos. <\/li><\/ul>\n\n\n\n<p>2010\/11<\/p>\n\n\n\n<ul><li>\u00abGesti\u00f3n de Sistemas Inform\u00e1ticos\u00bb at the degree \u00abIng. Inform\u00e1tica\u00bb (EII \u2013 ULPGC). 2 cr\u00e9ditos. <\/li><li>\u00abFundamentos de la Inform\u00e1tica\u00bb at the degree \u00abIng. Industrial\u00bb (ETSII \u2013 ULPGC). 8 cr\u00e9ditos.<\/li><li>\u00abIngenier\u00eda de la Informaci\u00f3n\u00bb at the degree \u00abIng. Industrial\u00bb (ETSII \u2013 ULPGC). 1 cr\u00e9dito. <\/li><li>\u00abTecnolog\u00edas de la Informaci\u00f3n\u00bb at the degree \u00abIng. Industrial\u00bb (ETSII \u2013 ULPGC). 3,5 cr\u00e9ditos. <\/li><\/ul>\n\n\n\n<p>2011\/12<\/p>\n\n\n\n<ul><li>\u00abGesti\u00f3n de Sistemas Inform\u00e1ticos\u00bb at the degree \u00abIng. Inform\u00e1tica\u00bb (EII \u2013 ULPGC). 1 cr\u00e9dito. <\/li><li>\u00abFundamentos de la Inform\u00e1tica\u00bb at the degree \u00abIng. Industrial\u00bb (ETSII \u2013 ULPGC). 8 cr\u00e9ditos.<\/li><li>\u00abIngenier\u00eda de la Informaci\u00f3n\u00bb at the degree \u00abIng. Industrial\u00bb (ETSII \u2013 ULPGC). 1 cr\u00e9dito. <\/li><li>\u00abTecnolog\u00edas de la Informaci\u00f3n\u00bb at the degree \u00abIng. Industrial\u00bb (ETSII \u2013 ULPGC). 4,5 cr\u00e9ditos. <\/li><li>\u00abInform\u00e1tica y Programaci\u00f3n\u00bb at the degree \u00abGrado en Ing. Civil\u00bb (EIIC \u2013 ULPGC). 6 cr\u00e9ditos. <\/li><\/ul>\n\n\n\n<p>2012\/13<\/p>\n\n\n\n<ul><li>\u00abIngenier\u00eda de los Sistemas de Informaci\u00f3n\u00bb at the degree \u00abGrado en Ing. Inform\u00e1tica\u00bb (EII \u2013 ULPGC). 1 cr\u00e9dito. <\/li><li>\u00abInform\u00e1tica y Programaci\u00f3n\u00bb at the degree \u00abGrado en Ing. en Tecnolog\u00edas Industriales\u00bb (EIIC \u2013 ULPGC). 12 cr\u00e9ditos.<\/li><li>\u00abDirecci\u00f3n de los Sistemas de Informaci\u00f3n\u00bb at the degree \u00abIng. Inform\u00e1tica\u00bb (EII \u2013 ULPGC). 4,5 cr\u00e9ditos.<\/li><li>\u00abIngenier\u00eda de la Informaci\u00f3n\u00bb at the degree \u00abIng. Industrial\u00bb (ETSII \u2013 ULPGC). 3 cr\u00e9ditos. <\/li><li>\u00abTecnolog\u00edas de la Informaci\u00f3n\u00bb at the degree \u00abIng. Industrial\u00bb (ETSII \u2013 ULPGC). 1,5 cr\u00e9ditos. <\/li><li>\u00abAutomatizaci\u00f3n de la Gesti\u00f3n de Sistemas de Inf.\u00bb at the degree \u00abIng. T\u00e9cnica en Inform\u00e1tica de Gesti\u00f3n\u00bb (EII \u2013 ULPGC). 1 cr\u00e9dito.  <\/li><\/ul>\n\n\n\n<p>2013\/14<\/p>\n\n\n\n<ul><li>\u00abInform\u00e1tica y Programaci\u00f3n\u00bb en las titulaciones \u00abGrado en Ing. Civil\u00bb, \u00abDise\u00f1o Industrial\u00bb y \u00abOrganizaci\u00f3n Industrial\u00bb (EIIC \u2013 ULPGC). 150 horas, como Coordinador de Civil y Org. Industrial.<\/li><li>\u00abAdministraci\u00f3n y Tecnolog\u00edas de Seguridad\u00bb at the degree \u00abGrado en Ing. Inform\u00e1tica\u00bb (EII \u2013 ULPGC). 7 horas.<\/li><li>\u00abArquitectura de Sistemas y Aplicaciones Distribuid\u00bb at the degree \u00abIng. Inform\u00e1tica\u00bb (EII \u2013 ULPGC). 15 horas como Coordinador.<\/li><li>\u00abDise\u00f1o e Implementaci\u00f3n de Aplicaciones Distribuid\u00bb at the degree \u00abIng. Inform\u00e1tica\u00bb (EII \u2013 ULPGC). 10 horas <\/li><li>\u00abRedes de Computadores\u00bb at the degree \u00abIng. Inform\u00e1tica\u00bb (EII \u2013 ULPGC). 22,5 horas  como Coordinador<\/li><li>\u00abInform\u00e1tica y Programaci\u00f3n\u00bb at the degree \u00abGrado en Ing. en Dise\u00f1o Industrial y Desarrollo de Productos\u00bb (EII \u2013 ULPGC). 90 horas.<\/li><li>\u00abArquitectura de Sistemas y Aplicaciones Distribuid\u00bb at the degree \u00abIng. Inform\u00e1tica\u00bb (EII \u2013 ULPGC) 60 horas como Coordinador<\/li><li>\u00abBioinform\u00e1tica\u00bb at the degree \u00abIng. Inform\u00e1tica\u00bb (EII \u2013 ULPGC) 60 horas como Coordinador  <\/li><\/ul>\n\n\n\n<p>2014\/15<\/p>\n\n\n\n<ul><li>\u00abIngenier\u00eda de los Sistemas de Informaci\u00f3n\u00bb at the degree \u00abGrado en Ing. Inform\u00e1tica\u00bb (EII \u2013 ULPGC) 10 horas<\/li><li>\u00abLos Sistemas de Informaci\u00f3n en la Organizaci\u00f3n\u00bb at the degree \u00abGrado en Ing. Inform\u00e1tica\u00bb (EII \u2013 ULPGC) 10 horas<\/li><li>\u00abTecnolog\u00eda Software para Desarrollo Sistemas de Informaci\u00f3n\u00bb at the degree \u00abGrado en Ing. Inform\u00e1tica\u00bb (EII \u2013 ULPGC) 10 horas<\/li><li>\u00abArquitectura de Sistemas y Aplicaciones Distribuid\u00bb at the degree \u00abIng. Inform\u00e1tica\u00bb (EII \u2013 ULPGC) 6 horas como Coordinador<\/li><li>\u00abRedes de Computadores\u00bb at the degree \u00abIng. Inform\u00e1tica\u00bb (EII \u2013 ULPGC) 9 horas como Coordinador<\/li><li>\u00abInnovaci\u00f3n Tecnol\u00f3gica y Gesti\u00f3n de la Calidad\u00bb at the degree \u00abM\u00e1ster Universitario en Ing. Inform\u00e1tica\u00bb (EII \u2013 ULPGC) 60 horas como Coordinador<\/li><li>\u00abModelos de Negocio en Web\u00bb at the degree \u00abM\u00e1ster Universitario en Ing. Inform\u00e1tica\u00bb (EII \u2013 ULPGC) 60 horas como Coordinador <\/li><\/ul>\n\n\n\n<p>2015\/16<\/p>\n\n\n\n<ul><li>\u00abIngenier\u00eda de los Sistemas de Informaci\u00f3n\u00bb at the degree \u00abGrado en Ing. Inform\u00e1tica\u00bb (EII \u2013 ULPGC) 10 horas<\/li><li>\u00abLos Sistemas de Informaci\u00f3n en la Organizaci\u00f3n\u00bb at the degree \u00abGrado en Ing. Inform\u00e1tica\u00bb (EII \u2013 ULPGC) 10 horas<\/li><li>\u00abSistemas Inteligentes I\u00bb, at the degree \u00abGrado en Ing. Inform\u00e1tica\u00bb (EII \u2013 ULPGC) 35 horas<\/li><li>\u00abTecnolog\u00eda Software para Desarrollo Sistemas de Informaci\u00f3n\u00bb at the degree \u00abGrado en Ing. Inform\u00e1tica\u00bb (EII \u2013 ULPGC) 10 horas<\/li><li>\u00abEmprendidur\u00eda en el sector TIC\u00bb at the degree \u00abM\u00e1ster Universitario en Ing. Inform\u00e1tica\u00bb (EII \u2013 ULPGC) 60 horas como Coordinador<\/li><li>\u00abInnovaci\u00f3n Tecnol\u00f3gica y Gesti\u00f3n de la Calidad\u00bb at the degree \u00abM\u00e1ster Universitario en Ing. Inform\u00e1tica\u00bb (EII \u2013 ULPGC) 60 horas como Coordinador<\/li><li>\u00abModelos de Negocio en Web\u00bb at the degree \u00abM\u00e1ster Universitario en Ing. Inform\u00e1tica\u00bb (EII \u2013 ULPGC) 60 horas como Coordinador <\/li><\/ul>\n\n\n\n<p>2016\/17<\/p>\n\n\n\n<ul><li>\u00abAn\u00e1lisis de la Seguridad en los Sistemas de Informaci\u00f3n\u00bb, at the degree \u00abGrado en Ing. Inform\u00e1tica\u00bb (EIIC \u2013 ULPGC) 15 horas<\/li><li>\u00abIngenier\u00eda de los Sistemas de Informaci\u00f3n\u00bb at the degree \u00abGrado en Ing. Inform\u00e1tica\u00bb (EII \u2013 ULPGC) 10 horas<\/li><li>\u00abFundamentos de la Seguridad\u00bb, at the degree \u00abGrado en Ing. Inform\u00e1tica\u00bb (EII \u2013 ULPGC) 15 horas<\/li><li>\u00abAdministraci\u00f3n y Tecnolog\u00edas de Seguridad\u00bb, at the degree \u00abGrado en Ing. Inform\u00e1tica\u00bb (EII \u2013 ULPGC) 15 horas<\/li><li>\u00abTecnolog\u00eda Software para Desarrollo Sistemas de Informaci\u00f3n\u00bb, at the degree \u00abGrado en Ing. Inform\u00e1tica\u00bb (EII \u2013 ULPGC) 10 horas<\/li><li>\u00abInform\u00e1tica y  Programaci\u00f3n\u00bb, at the degree \u00abGrado en Ingenier\u00eda T\u00e9cnica Naval\u00bb (EIIC \u2013 ULPGC) 30 horas<\/li><li>\u00abInform\u00e1tica y  Programaci\u00f3n\u00bb, at the degree \u00abGrado en Ingenier\u00eda El\u00e9ctrica\u00bb (EIIC \u2013 ULPGC) 30 horas<\/li><li>\u00abEmprendidur\u00eda en el sector TIC\u00bb at the degree \u00abM\u00e1ster Universitario en Ing. Inform\u00e1tica\u00bb (EII \u2013 ULPGC) 60 horas como Coordinador<\/li><li>\u00abInnovaci\u00f3n Tecnol\u00f3gica y Gesti\u00f3n de la Calidad\u00bb at the degree \u00abM\u00e1ster Universitario en Ing. Inform\u00e1tica\u00bb (EII \u2013 ULPGC) 60 horas como Coordinador<\/li><li>\u00abModelos de Negocio en Web\u00bb at the degree \u00abM\u00e1ster Universitario en Ing. Inform\u00e1tica\u00bb (EII \u2013 ULPGC) 60 horas como Coordinador <\/li><\/ul>\n\n\n\n<p>2017\/18<\/p>\n\n\n\n<ul><li>\u00abIngenier\u00eda de los Sistemas de Informaci\u00f3n\u00bb at the degree \u00abGrado en Ing. Inform\u00e1tica\u00bb (EII \u2013 ULPGC) 12 horas<\/li><li>\u00abLos Sistemas de Informaci\u00f3n en la Organizaci\u00f3n\u00bb at the degree \u00abGrado en Ing. Inform\u00e1tica\u00bb (EII \u2013 ULPGC) 12 horas<\/li><li>\u00abTecnolog\u00eda Software para Desarrollo Sistemas de Informaci\u00f3n\u00bb, at the degree \u00abGrado en Ing. Inform\u00e1tica\u00bb (EII \u2013 ULPGC) 12 horas<\/li><li>\u00abInform\u00e1tica y  Programaci\u00f3n\u00bb, at the degree \u00abGrado en Ingenier\u00eda T\u00e9cnica Naval\u00bb (EIIC \u2013 ULPGC) 30 horas<\/li><li>\u00abEmprendidur\u00eda en el sector TIC\u00bb at the degree \u00abM\u00e1ster Universitario en Ing. Inform\u00e1tica\u00bb (EII \u2013 ULPGC) 60 horas como Coordinador<\/li><li>\u00abInnovaci\u00f3n Tecnol\u00f3gica y Gesti\u00f3n de la Calidad\u00bb at the degree \u00abM\u00e1ster Universitario en Ing. Inform\u00e1tica\u00bb (EII \u2013 ULPGC) 60 horas como Coordinador <\/li><\/ul>\n\n\n\n<p>2018\/19<\/p>\n\n\n\n<ul><li>\u00abIngenier\u00eda de los Sistemas de Informaci\u00f3n\u00bb at the degree \u00abGrado en Ing. Inform\u00e1tica\u00bb (EII \u2013 ULPGC) 12 horas<\/li><li>\u00abLos Sistemas de Informaci\u00f3n en la Organizaci\u00f3n\u00bb at the degree \u00abGrado en Ing. Inform\u00e1tica\u00bb (EII \u2013 ULPGC) 12 horas<\/li><li>\u00abTecnolog\u00eda Software para Desarrollo Sistemas de Informaci\u00f3n\u00bb, at the degree \u00abGrado en Ing. Inform\u00e1tica\u00bb (EII \u2013 ULPGC) 12 horas<\/li><li>\u00abInform\u00e1tica y  Programaci\u00f3n\u00bb, at the degree \u00abGrado en Ingenier\u00eda T\u00e9cnica Naval\u00bb (EIIC \u2013 ULPGC) 30 horas<\/li><li>\u00abInnovaci\u00f3n y Protecci\u00f3n de los Resultados de Investigaci\u00f3n\u00bb, at the degree \u00abPrograma de Doctorado Empresa, Internet y Tecnolog\u00edas de las Comunicaciones\u00bb (ULPGC) 6 horas.<\/li><\/ul>\n\n\n\n<p>2019\/20<\/p>\n\n\n\n<ul><li>\u00abLos Sistemas de Informaci\u00f3n en la Organizaci\u00f3n\u00bb at the degree \u00abGrado en Ing. Inform\u00e1tica\u00bb (EII \u2013 ULPGC) 15 horas<\/li><li>\u00abMatem\u00e1tica Discreta\u00bb, at the degree \u00abGrado en Ing. Inform\u00e1tica\u00bb (EII \u2013 ULPGC) 90 horas<\/li><li>\u00abInnovaci\u00f3n y Protecci\u00f3n de los Resultados de Investigaci\u00f3n\u00bb, at the degree \u00abPrograma de Doctorado Empresa, Internet y Tecnolog\u00edas de las Comunicaciones\u00bb (ULPGC) 6 horas.<\/li><\/ul>\n\n\n\n<span class=\"last-modified-timestamp\">Feb 15, 2021 @ 4:49 pm<\/span>\n","protected":false},"excerpt":{"rendered":"<p>Ph.D. Thesis advised so far Candidate: Mar\u00eda Cecilia Meiler Rodr\u00edguez. Title: Propuesta metodol\u00f3gica de envejecimiento activo basada en aprendizaje en red: Comunidad seventi. Reading date: 03\/12\/2014. Advisors: Enrique Rubio Royo and Javier Jes\u00fas S\u00e1nchez Medina Candidate: Juan Antonio Jim\u00e9nez Rodr\u00edguez. Title: Modelo de dinamizaci\u00f3n de transferencia de I+D+i: Aplicaciones. Reading date: 05\/02\/2016. Advisors: Enrique Rubio &hellip; <\/p>\n<p class=\"link-more\"><a href=\"https:\/\/javiersanchezmedina.ulpgc.es\/?page_id=26\" class=\"more-link\">Continuar leyendo<span class=\"screen-reader-text\"> \u00abProfessor\u00bb<\/span><\/a><\/p>\n","protected":false},"author":1,"featured_media":0,"parent":0,"menu_order":0,"comment_status":"closed","ping_status":"closed","template":"","meta":[],"_links":{"self":[{"href":"https:\/\/javiersanchezmedina.ulpgc.es\/index.php?rest_route=\/wp\/v2\/pages\/26"}],"collection":[{"href":"https:\/\/javiersanchezmedina.ulpgc.es\/index.php?rest_route=\/wp\/v2\/pages"}],"about":[{"href":"https:\/\/javiersanchezmedina.ulpgc.es\/index.php?rest_route=\/wp\/v2\/types\/page"}],"author":[{"embeddable":true,"href":"https:\/\/javiersanchezmedina.ulpgc.es\/index.php?rest_route=\/wp\/v2\/users\/1"}],"replies":[{"embeddable":true,"href":"https:\/\/javiersanchezmedina.ulpgc.es\/index.php?rest_route=%2Fwp%2Fv2%2Fcomments&post=26"}],"version-history":[{"count":8,"href":"https:\/\/javiersanchezmedina.ulpgc.es\/index.php?rest_route=\/wp\/v2\/pages\/26\/revisions"}],"predecessor-version":[{"id":81,"href":"https:\/\/javiersanchezmedina.ulpgc.es\/index.php?rest_route=\/wp\/v2\/pages\/26\/revisions\/81"}],"wp:attachment":[{"href":"https:\/\/javiersanchezmedina.ulpgc.es\/index.php?rest_route=%2Fwp%2Fv2%2Fmedia&parent=26"}],"curies":[{"name":"wp","href":"https:\/\/api.w.org\/{rel}","templated":true}]}}